{"id":383,"date":"2023-03-10T11:40:35","date_gmt":"2023-03-10T16:40:35","guid":{"rendered":"https:\/\/roamers.rentals\/location-219-charest-quebec\/"},"modified":"2023-12-17T05:24:57","modified_gmt":"2023-12-17T10:24:57","slug":"location-219-charest-quebec","status":"publish","type":"page","link":"https:\/\/www.roamers.rentals\/en\/location-219-charest-quebec\/","title":{"rendered":"Location 219 Charest Quebec"},"content":{"rendered":"\n<h1>\n\t\tLovely Boho apartment in Saint-Roch, Quebec city (fully equipped + WIFI)\n\t<\/h1>\n<h3>\n\t\tFully-furnished apartment for rent in Quebec\n\t<\/h3>\n<h4>\n\t\t$1595 CAD month\n\t<\/h4>\n\t\t\t<a href=\"#reservation\" target=\"_self\" rel=\"noopener\">\n\t\t\t\t\t\t\tBook now\n\t\t\t\t\t<\/a>\n<p>Welcome to The Boho, our fully-furnished apartment for rent in Quebec&#8217;s trendiest neighborhood, Nouvo St-Roch<\/p>\n<p>All-inclusive temporary rentals for professionals, newcomers, students and companies<\/p>\n<p>&gt; Located on the 3rd floor, you will be charmed by this bright apartment. Natural light floods the apartment through the large living room window, and with its high ceilings, the Boho offers an open and airy space<\/p>\n<p>&gt; The apartment is fully furnished in all new and decorated in a warm and natural style with a variety of textures and fabrics to create a relaxed and welcoming environment<\/p>\n<p>&gt; The kitchen is well equipped with a large island offering ample space for cooking<\/p>\n<p>&gt; Your creativity and productivity will be at their best while you work at the sit-stand workspace with a view of the city<\/p>\n<p>&gt; When the time comes to go out, whether you want a coffee, a restaurant, a drink or a bit of all that, everything is within walking distance of The Boho<\/p>\n<p>&gt; You are only a few steps from Saint-Joseph and Saint-Jean streets, where you can enjoy many cafes and restaurants<\/p>\n<p>&gt; And of course, Old Quebec with all its charm awaits you within walking distance or by shared bike<\/p>\n<p>&gt; Once your day is over, you will settle down for a good night&#8217;s sleep in the Queen bed and rest your head on soft down pillows<\/p>\n<p>*Non-smoking, no pets, no parties*<\/p>\n<p>Close to everything, workspace, unlimited high speed internet<\/p>\n<h4 tabindex=\"-1\">Housing<\/h4>\nModern apartment nearly 800 sq. ft. very bright!<br \/>\n10-foot-high ceilings<br \/>\nLarge full bathroom<br \/>\nLocated on the 3rd floor with elevator<br \/>\nFurnished in new, Boho decor<br \/>\nEverything included (heating\/electricity, appliances, dishwasher, washer\/dryer, dishes, bedding).<br \/>\nUnlimited internet, flat screen HD smart TV.<br \/>\nAll concrete building, well soundproofed.\n<h4 tabindex=\"-1\">Other Points to Note<\/h4>\n<p>Temporary rental ideal for couples, travelers, separation, professionals, nomadic workers, serious students on internship, etc.<\/p>\n<p>**Minimum stay 31+ days<\/p>\n\t\t\t<a href=\"#reservation\" target=\"_self\" rel=\"noopener\">\n\t\t\t\t\t\t\tBook now\n\t\t\t\t\t<\/a>\n<h3>\n\t\tINCLUSIONS\n\t<\/h3>\n\t<ul>\n\t\t<li>\t\t\t\t\n\t\t<h5>Workspace<\/h5><p>well-appointed space to work<\/p><\/li><li>\t\t\t\t\n\t\t<h5>Wifi<\/h5><p>high speed internet<\/p><\/li><li>\t\t\t\t\n\t\t<h5>Dishes and utensils<\/h5><p>plates, cups, utensils, etc.<\/p><\/li><li>\t\t\t\t\n\t\t<h5>Dishwasher<\/h5><p>and microwave<\/p><\/li>\t<\/ul>\n\t<ul>\n\t\t<li>\t\t\t\t\n\t\t<h5>Washer, dryer<\/h5><p>and drying rack<\/p><\/li><li>\t\t\t\t\n\t\t<h5>Essential Items<\/h5><p>towels, sheets, soap, etc.<\/p><\/li><li>\t\t\t\t\n\t\t<h5>Balcony + Rooftop patio<\/h5><p>private and covered with chairs<\/p><\/li><li>\t\t\t\t\n\t\t<h5>Elevator<\/h5><\/li>\t<\/ul>\n<h4>\n\t\tWhat there is to know\n\t<\/h4>\n\t<ul>\n\t\t<li>\t\t\t\t\n\t\tMAXIMUM of 2 guests<\/li><li>\t\t\t\t\n\t\tCarbon monoxide detector<\/li><li>\t\t\t\t\n\t\tSmoke detector<\/li>\t<\/ul>\n\t<ul>\n\t\t<li>\t\t\t\t\n\t\t** Non-smoker<\/li><li>\t\t\t\t\n\t\tNo animals<\/li><li>\t\t\t\t\n\t\tNo parties<\/li><li>\t\t\t\t\n\t\tNot suitable for children or babies<\/li>\t<\/ul>\n\t\t\t\t<img decoding=\"async\" src=\"https:\/\/www.roamers.rentals\/wp-content\/uploads\/2023\/03\/Roamers_Location-Proximite-graphic.png\" alt=\"Roamers_Location-Proximite-graphic\" itemprop=\"image\" title=\"Roamers_Location-Proximite-graphic\" onerror=\"this.style.display='none'\"  \/>\n<h2>\n\t\tClose to your neighborhood\n\t<\/h2>\n\t<ul>\n\t\t<li>\t\t\t\t\n\t\t<h5>Train station<\/h5><p>Palais station (Via Rail) at 1.3km &#8211; 17 minutes on foot<br \/><br \/>\ud83d\udccdQuebec &#8211; Montreal &#8211; Ottawa &#8211; Toronto<\/p><\/li><li>\t\t\t\t\n\t\t<h5>Public transport<\/h5><p>access to buses 18 (Vieux-Qc) and 800 (Ste-Foy)<\/p><\/li><li>\t\t\t\t\n\t\t<h5>Tourist location<\/h5><p>near Old Quebec<\/p><\/li><li>\t\t\t\t\n\t\t<h5>Bike rental<\/h5><p>shared electric bike at 100m &#8211; 2 minutes on foot<\/p><\/li>\t<\/ul>\n\t<ul>\n\t\t<li>\t\t\t\t\n\t\t<h5>Grocery<\/h5><p>L&#8217;intermarch\u00e9 at 220m &#8211; 3 minutes on foot<\/p><\/li><li>\t\t\t\t\n\t\t<h5>Pharmacy<\/h5><p>Jean Coutu pharmacy at 260m &#8211; 3 minutes on foot<\/p><\/li><li>\t\t\t\t\n\t\t<h5>Restaurants<\/h5><p>several types of restaurants within a radius of 1 km\ud83d\udc9b Le Battuto &#8211; our favorite<\/p><\/li><li>\t\t\t\t\n\t\t<h5>Coffee<\/h5><p>\ud83d\udc9b Maelstr\u00f8m Saint-Roch at 130m &#8211; 2 minute walk<\/p><\/li>\t<\/ul>\n\t\t\t\t\t\t\t\t<h3 class='uabb-testimonial-author-name testimonial-author-name'>Julien<\/h3>\n                              <input type=\"radio\" value=\"5\"\/>\n                  <label title=\"5 out of 5 stars\"><\/label>\n                  <input type=\"radio\" value=\"4\"\/>\n                  <label title=\"4 out of 5 stars\"><\/label>\n                  <input type=\"radio\" value=\"3\"\/>\n                  <label title=\"3 out of 5 stars\"><\/label>\n                  <input type=\"radio\" value=\"2\"\/>\n                  <label title=\"2 out of 5 stars\"><\/label>\n                  <input type=\"radio\" value=\"1\"\/>\n                  <label title=\"1 out of 5 stars\"><\/label>\n\t\t\t\t\t\t\t\t\tJuin 2023\t\t\t\t\t\t\t\t\n\t\t\t\t\t\t\t<p>Tout \u00e9tait parfait !<br \/>Mai et Fran\u00e7ois ont tout fait pour que je me sente comme chez moi pendant ces 2 mois! C&#8217;est grand, bien d\u00e9cor\u00e9 et tr\u00e8s propre!<br \/>Je recommande vivement!<\/p>\t\t\t\t\t\t\n\t\t\t\t\t\t\t\t<h3 class='uabb-testimonial-author-name testimonial-author-name'>Sofi<\/h3>\n                              <input type=\"radio\" value=\"5\"\/>\n                  <label title=\"5 out of 5 stars\"><\/label>\n                  <input type=\"radio\" value=\"4\"\/>\n                  <label title=\"4 out of 5 stars\"><\/label>\n                  <input type=\"radio\" value=\"3\"\/>\n                  <label title=\"3 out of 5 stars\"><\/label>\n                  <input type=\"radio\" value=\"2\"\/>\n                  <label title=\"2 out of 5 stars\"><\/label>\n                  <input type=\"radio\" value=\"1\"\/>\n                  <label title=\"1 out of 5 stars\"><\/label>\n\t\t\t\t\t\t\t\t\tOctober 2022\t\t\t\t\t\t\t\t\n\t\t\t\t\t\t\t<p>Nos alojamos un mes en octubre 2022, El hogar es super acogedor, perfecto para trabajar, tiene un estupendo espacio, el ba\u00f1o es enorme y super lindo, toda la casa la encontramos super limpia y tuvimos un servicio de limpieza en dos oportunidades, la ubicaci\u00f3n es buena en la esquina pasa el 800 que tiene una frecuencia cada 15 minutos, el via rail esta a dos paradas de la casa y el old quebec se puede ir hasta ahi caminando tranquilamente, sin duda volver\u00edamos a alojarnos en el hogar!<\/p>\t\t\t\t\t\t\n\t\t\t<a href=\"#reservation\" target=\"_self\" rel=\"noopener\">\n\t\t\t\t\t\t\tBook now\n\t\t\t\t\t<\/a>\n\t<iframe src=\"https:\/\/www.google.com\/maps\/embed\/v1\/place?q=219+Boulevard+Charest+E%2C+Quebec%2C+QC+G1K+3G8&#038;key=AIzaSyD09zQ9PNDNNy9TadMuzRV_UsPUoWKntt8\" aria-hidden=\"true\"><\/iframe>\n<h2>\n\t\tYour hosts\n\t<\/h2>\n\tWe are <strong>Mai &amp; Frank the Roamers<\/strong>.<br \/>\nWe invite you to stop by to discover all that the wonderful Quebec City has to offer.\n\t\t\t\t<img decoding=\"async\" src=\"https:\/\/www.roamers.rentals\/wp-content\/uploads\/2023\/02\/Roamers_Hotes-graphic.png\" alt=\"Roamers_Hotes-Francois-Mai\" itemprop=\"image\" title=\"Roamers_Hotes-graphic\" onerror=\"this.style.display='none'\"  \/>\n<h2>\n\t\tBook your stay\n\t<\/h2>\n\n","protected":false},"excerpt":{"rendered":"<p>Lovely Boho apartment in Saint-Roch, Quebec city (fully equipped + WIFI) Fully-furnished apartment for rent in Quebec $1595 CAD month Book now Welcome to The Boho, our fully-furnished apartment for rent in Quebec&#8217;s trendiest neighborhood, Nouvo St-Roch All-inclusive temporary rentals for professionals, newcomers, students and companies &gt; Located on the 3rd floor, you will be [&hellip;]<\/p>\n","protected":false},"author":1,"featured_media":628,"parent":0,"menu_order":0,"comment_status":"closed","ping_status":"closed","template":"","meta":{"_acf_changed":false,"inline_featured_image":false,"site-sidebar-layout":"no-sidebar","site-content-layout":"page-builder","ast-site-content-layout":"full-width-container","site-content-style":"unboxed","site-sidebar-style":"unboxed","ast-global-header-display":"","ast-banner-title-visibility":"","ast-main-header-display":"","ast-hfb-above-header-display":"","ast-hfb-below-header-display":"","ast-hfb-mobile-header-display":"","site-post-title":"disabled","ast-breadcrumbs-content":"","ast-featured-img":"disabled","footer-sml-layout":"","ast-disable-related-posts":"","theme-transparent-header-meta":"default","adv-header-id-meta":"","stick-header-meta":"","header-above-stick-meta":"","header-main-stick-meta":"","header-below-stick-meta":"","astra-migrate-meta-layouts":"set","ast-page-background-enabled":"default","ast-page-background-meta":{"desktop":{"background-color":"var(--ast-global-color-4)","background-image":"","background-repeat":"repeat","background-position":"center center","background-size":"auto","background-attachment":"scroll","background-type":"","background-media":"","overlay-type":"","overlay-color":"","overlay-opacity":"","overlay-gradient":""},"tablet":{"background-color":"","background-image":"","background-repeat":"repeat","background-position":"center center","background-size":"auto","background-attachment":"scroll","background-type":"","background-media":"","overlay-type":"","overlay-color":"","overlay-opacity":"","overlay-gradient":""},"mobile":{"background-color":"","background-image":"","background-repeat":"repeat","background-position":"center center","background-size":"auto","background-attachment":"scroll","background-type":"","background-media":"","overlay-type":"","overlay-color":"","overlay-opacity":"","overlay-gradient":""}},"ast-content-background-meta":{"desktop":{"background-color":"var(--ast-global-color-5)","background-image":"","background-repeat":"repeat","background-position":"center center","background-size":"auto","background-attachment":"scroll","background-type":"","background-media":"","overlay-type":"","overlay-color":"","overlay-opacity":"","overlay-gradient":""},"tablet":{"background-color":"var(--ast-global-color-5)","background-image":"","background-repeat":"repeat","background-position":"center center","background-size":"auto","background-attachment":"scroll","background-type":"","background-media":"","overlay-type":"","overlay-color":"","overlay-opacity":"","overlay-gradient":""},"mobile":{"background-color":"var(--ast-global-color-5)","background-image":"","background-repeat":"repeat","background-position":"center center","background-size":"auto","background-attachment":"scroll","background-type":"","background-media":"","overlay-type":"","overlay-color":"","overlay-opacity":"","overlay-gradient":""}},"footnotes":""},"class_list":["post-383","page","type-page","status-publish","has-post-thumbnail","hentry"],"acf":[],"_links":{"self":[{"href":"https:\/\/www.roamers.rentals\/en\/wp-json\/wp\/v2\/pages\/383","targetHints":{"allow":["GET"]}}],"collection":[{"href":"https:\/\/www.roamers.rentals\/en\/wp-json\/wp\/v2\/pages"}],"about":[{"href":"https:\/\/www.roamers.rentals\/en\/wp-json\/wp\/v2\/types\/page"}],"author":[{"embeddable":true,"href":"https:\/\/www.roamers.rentals\/en\/wp-json\/wp\/v2\/users\/1"}],"replies":[{"embeddable":true,"href":"https:\/\/www.roamers.rentals\/en\/wp-json\/wp\/v2\/comments?post=383"}],"version-history":[{"count":5,"href":"https:\/\/www.roamers.rentals\/en\/wp-json\/wp\/v2\/pages\/383\/revisions"}],"predecessor-version":[{"id":948,"href":"https:\/\/www.roamers.rentals\/en\/wp-json\/wp\/v2\/pages\/383\/revisions\/948"}],"wp:featuredmedia":[{"embeddable":true,"href":"https:\/\/www.roamers.rentals\/en\/wp-json\/wp\/v2\/media\/628"}],"wp:attachment":[{"href":"https:\/\/www.roamers.rentals\/en\/wp-json\/wp\/v2\/media?parent=383"}],"curies":[{"name":"wp","href":"https:\/\/api.w.org\/{rel}","templated":true}]}}