{"id":384,"date":"2023-02-28T11:49:55","date_gmt":"2023-02-28T16:49:55","guid":{"rendered":"https:\/\/roamers.rentals\/location-640-8e-avenue-quebec\/"},"modified":"2024-07-23T08:13:32","modified_gmt":"2024-07-23T12:13:32","slug":"location-640-8e-avenue-quebec","status":"publish","type":"page","link":"https:\/\/www.roamers.rentals\/en\/location-640-8e-avenue-quebec\/","title":{"rendered":"Location 640 8e Avenue Quebec"},"content":{"rendered":"\n<h1>\n\t\tSpacious loft 2 steps from Old Quebec City (fully equipped + WIFI)\n\t<\/h1>\n<h3>\n\t\tFully-furnished apartment for rent in Quebec City\n\t<\/h3>\n<h4>\n\t\t$1695 CAD month\n\t<\/h4>\n\t\t\t<a href=\"#reservation\" target=\"_self\" rel=\"noopener\">\n\t\t\t\t\t\t\tBook now\n\t\t\t\t\t<\/a>\n<p>MODERN URBAN LOFT available for temporary monthly rental. Perfect for professionals, newcomers, students or digital nomads (roamers like us).<\/p>\n<p>Close to everything, workspace with adjustable (sit-stand) desk, unlimited high-speed internet, private parking.<\/p>\n<p>Unique cachet, furnished &amp; all inclusive*, high ceilings, covered balcony.<\/p>\nHousekeeping included (every 2 weeks)<br \/>\nNespresso machine to start your day off right<br \/>\nYoga mats to ensure your moments of relaxation<br \/>\nPrivate outdoor parking\n<h4 tabindex=\"-1\">Housing<\/h4>\n<p>Our Large loft 2 steps from Old Qc (fully equipped + WIFI) has everything you need:<\/p>\nModern urban loft nearly 1000 ft2 very bright!<br \/>\nCeiling 13 feet high.<br \/>\nLarge full bathroom.<br \/>\nLocated on the 4th floor with lift.<br \/>\nFurnished in new, colorful decor.<br \/>\nEverything included (heated\/lit, A\/C, appliances, dishwasher, washer\/dryer, dishes, bedding).<br \/>\nUnlimited internet, flat screen HD smart TV.<br \/>\nAll concrete building, well soundproofed.\n<p>***Non-smoker, no pets, no parties<\/p>\n<h4 tabindex=\"-1\">Other Points to Note<\/h4>\n<p>Temporary rental ideal for couples, travelers, separation, professionals, nomadic workers, serious students on internship, etc.<\/p>\n<p>**Minimum rental 31 days +<\/p>\n\t\t\t<a href=\"#reservation\" target=\"_self\" rel=\"noopener\">\n\t\t\t\t\t\t\tBook now\n\t\t\t\t\t<\/a>\n<h3>\n\t\tINCLUSIONS\n\t<\/h3>\n\t<ul>\n\t\t<li>\t\t\t\t\n\t\t<h5>Workspace<\/h5><p>well-appointed space to work<\/p><\/li><li>\t\t\t\t\n\t\t<h5>Wifi<\/h5><p>high speed internet<\/p><\/li><li>\t\t\t\t\n\t\t<h5>Housekeeping<\/h5><p>every 2 weeks<\/p><\/li><li>\t\t\t\t\n\t\t<h5>Dishes and utensils<\/h5><p>plates, cups, utensils, etc.<\/p><\/li><li>\t\t\t\t\n\t\t<h5>Dishwasher<\/h5><p>and microwave<\/p><\/li>\t<\/ul>\n\t<ul>\n\t\t<li>\t\t\t\t\n\t\t<h5>Parking<\/h5><p>private exterior<\/p><\/li><li>\t\t\t\t\n\t\t<h5>Washer, dryer<\/h5><p>and drying rack<\/p><\/li><li>\t\t\t\t\n\t\t<h5>Essential Items<\/h5><p>towels, sheets, soap, etc.<\/p><\/li><li>\t\t\t\t\n\t\t<h5>Balcony<\/h5><p>private and covered with chairs<\/p><\/li><li>\t\t\t\t\n\t\t<h5>Elevator<\/h5><\/li>\t<\/ul>\n<h4>\n\t\tThings to know\n\t<\/h4>\n\t<ul>\n\t\t<li>\t\t\t\t\n\t\tMAXIMUM of 2 travelers<\/li><li>\t\t\t\t\n\t\tArrival at 3 p.m. \/ Departure at 11 a.m.<\/li><li>\t\t\t\t\n\t\tCarbon monoxide detector<\/li><li>\t\t\t\t\n\t\tSmoke detector<\/li>\t<\/ul>\n\t<ul>\n\t\t<li>\t\t\t\t\n\t\t** Non-smoker<\/li><li>\t\t\t\t\n\t\tNo animals<\/li><li>\t\t\t\t\n\t\tNo parties<\/li><li>\t\t\t\t\n\t\tNot suitable for children or babies<\/li>\t<\/ul>\n\t\t\t\t<img loading=\"lazy\" decoding=\"async\" src=\"https:\/\/www.roamers.rentals\/wp-content\/uploads\/2023\/03\/Roamers_Location-Proximite-graphic.png\" alt=\"Roamers_Location-Proximite-graphic\" itemprop=\"image\" height=\"454\" width=\"454\" title=\"Roamers_Location-Proximite-graphic\" onerror=\"this.style.display='none'\"  \/>\n<h2>\n\t\tClose to your neighborhood\n\t<\/h2>\n\t<ul>\n\t\t<li>\t\t\t\t\n\t\t<h5>Train station<\/h5><p>Palais station (Via Rail) at 1.4km &#8211; 18 minutes on foot<br \/><br \/>\ud83d\udccdQuebec &#8211; Montreal &#8211; Ottawa &#8211; Toronto<\/p><\/li><li>\t\t\t\t\n\t\t<h5>Public transport<\/h5><p>access to buses 54 and 133 (Vieux-Qc) and 800 (Ste-Foy)<\/p><\/li><li>\t\t\t\t\n\t\t<h5>Tourist location<\/h5><p>near Old Quebec<\/p><\/li><li>\t\t\t\t\n\t\t<h5>Bike rental<\/h5><p>shared electric bike at 650m &#8211; 8 minutes on foot<\/p><\/li>\t<\/ul>\n\t<ul>\n\t\t<li>\t\t\t\t\n\t\t<h5>Grocery<\/h5><p>IGA supermarket at 450m &#8211; 6 minutes on foot<\/p><\/li><li>\t\t\t\t\n\t\t<h5>Pharmacy<\/h5><p>Jean Coutu pharmacy at 450m &#8211; 6 minutes on foot<\/p><\/li><li>\t\t\t\t\n\t\t<h5>Restaurants<\/h5><p>several types of restaurants within a radius of 1 km\ud83d\udc9b Le Cendrillon Restaurant &#8211; our favorite<\/p><\/li><li>\t\t\t\t\n\t\t<h5>Coffee<\/h5><p>Caf\u00e9 Brulerie Vieux-Limoilou at 500m &#8211; 6 minute walk\ud83d\udc9b Caf\u00e9 Smith + coworking + Happy Hour at 700m &#8211; 9 minute walk<\/p><\/li>\t<\/ul>\n\t\t\t\t\t\t\t<h3 class='uabb-testimonial-author-name testimonial-author-name'>Julien<\/h3>\n                              <input type=\"radio\" value=\"5\"\/>\n                  <label title=\"5 out of 5 stars\"><\/label>\n                  <input type=\"radio\" value=\"4\"\/>\n                  <label title=\"4 out of 5 stars\"><\/label>\n                  <input type=\"radio\" value=\"3\"\/>\n                  <label title=\"3 out of 5 stars\"><\/label>\n                  <input type=\"radio\" value=\"2\"\/>\n                  <label title=\"2 out of 5 stars\"><\/label>\n                  <input type=\"radio\" value=\"1\"\/>\n                  <label title=\"1 out of 5 stars\"><\/label>\n\t\t\t\t\t\t\t\tJuin 2023\t\t\t\t\t\t\t\n\t\t\t\t\t\t<p>Tout \u00e9tait parfait !<br \/>Mai et Fran\u00e7ois ont tout fait pour que je me sente comme chez moi pendant ces 2 mois! C&#8217;est grand, bien d\u00e9cor\u00e9 et tr\u00e8s propre!<br \/>Je recommande vivement!<\/p>\t\t\t\t\t\n\t\t\t\t\t\t\t<h3 class='uabb-testimonial-author-name testimonial-author-name'>Katia<\/h3>\n                              <input type=\"radio\" value=\"5\"\/>\n                  <label title=\"5 out of 5 stars\"><\/label>\n                  <input type=\"radio\" value=\"4\"\/>\n                  <label title=\"4 out of 5 stars\"><\/label>\n                  <input type=\"radio\" value=\"3\"\/>\n                  <label title=\"3 out of 5 stars\"><\/label>\n                  <input type=\"radio\" value=\"2\"\/>\n                  <label title=\"2 out of 5 stars\"><\/label>\n                  <input type=\"radio\" value=\"1\"\/>\n                  <label title=\"1 out of 5 stars\"><\/label>\n\t\t\t\t\t\t\t\tMarch 2023\t\t\t\t\t\t\t\n\t\t\t\t\t\t<p>Very nice apartment, well located in Quebec City, well equipped, well lit. Very friendly hosts who respond quickly to questions and requests. Great place to spend several weeks in Quebec City and take full advantage of it.<\/p>\t\t\t\t\t\n\t\t\t\t\t\t\t<h3 class='uabb-testimonial-author-name testimonial-author-name'>Sofi<\/h3>\n                              <input type=\"radio\" value=\"5\"\/>\n                  <label title=\"5 out of 5 stars\"><\/label>\n                  <input type=\"radio\" value=\"4\"\/>\n                  <label title=\"4 out of 5 stars\"><\/label>\n                  <input type=\"radio\" value=\"3\"\/>\n                  <label title=\"3 out of 5 stars\"><\/label>\n                  <input type=\"radio\" value=\"2\"\/>\n                  <label title=\"2 out of 5 stars\"><\/label>\n                  <input type=\"radio\" value=\"1\"\/>\n                  <label title=\"1 out of 5 stars\"><\/label>\n\t\t\t\t\t\t\t\tNovember 2022\t\t\t\t\t\t\t\n\t\t\t\t\t\t<p>Nos alojamos un mes en octubre 2022, El hogar es super acogedor, perfecto para trabajar, tiene un estupendo espacio, el ba\u00f1o es enorme y super lindo, toda la casa la encontramos super limpia y tuvimos un servicio de limpieza en dos oportunidades, la ubicaci\u00f3n es buena en la esquina pasa el 800 que tiene una frecuencia cada 15 minutos, el via rail esta a dos paradas de la casa y el old quebec se puede ir hasta ahi caminando tranquilamente, sin duda volver\u00edamos a alojarnos en el hogar!<\/p>\t\t\t\t\t\n\t\t\t<a href=\"#reservation\" target=\"_self\" rel=\"noopener\">\n\t\t\t\t\t\t\tBook now\n\t\t\t\t\t<\/a>\n\t<iframe src=\"https:\/\/www.google.com\/maps\/embed\/v1\/place?q=640%2C+8E+Avenue%2C+Quebec%2C+QC%2C+G1J3L7&#038;key=AIzaSyD09zQ9PNDNNy9TadMuzRV_UsPUoWKntt8\" aria-hidden=\"true\"><\/iframe>\n<h2>\n\t\tYour hosts\n\t<\/h2>\n\tWe are <strong>Mai &amp; Frank the Roamers<\/strong>.<br \/>\nWe invite you to stop by to discover all that the wonderful Quebec City has to offer.\n\t\t\t\t<img loading=\"lazy\" decoding=\"async\" src=\"https:\/\/www.roamers.rentals\/wp-content\/uploads\/2023\/02\/Roamers_Hotes-graphic.png\" alt=\"Roamers_Hotes-Francois-Mai\" itemprop=\"image\" height=\"603\" width=\"605\" title=\"Roamers_Hotes-graphic\" onerror=\"this.style.display='none'\"  \/>\n<h2>\n\t\tBook your stay\n\t<\/h2>\n\n","protected":false},"excerpt":{"rendered":"<p>Spacious loft 2 steps from Old Quebec City (fully equipped + WIFI) Fully-furnished apartment for rent in Quebec City $1695 CAD month Book now MODERN URBAN LOFT available for temporary monthly rental. Perfect for professionals, newcomers, students or digital nomads (roamers like us). Close to everything, workspace with adjustable (sit-stand) desk, unlimited high-speed internet, private [&hellip;]<\/p>\n","protected":false},"author":1,"featured_media":209,"parent":0,"menu_order":0,"comment_status":"closed","ping_status":"closed","template":"","meta":{"_acf_changed":false,"inline_featured_image":false,"site-sidebar-layout":"no-sidebar","site-content-layout":"page-builder","ast-site-content-layout":"full-width-container","site-content-style":"unboxed","site-sidebar-style":"unboxed","ast-global-header-display":"","ast-banner-title-visibility":"","ast-main-header-display":"","ast-hfb-above-header-display":"","ast-hfb-below-header-display":"","ast-hfb-mobile-header-display":"","site-post-title":"disabled","ast-breadcrumbs-content":"","ast-featured-img":"disabled","footer-sml-layout":"","ast-disable-related-posts":"","theme-transparent-header-meta":"default","adv-header-id-meta":"","stick-header-meta":"","header-above-stick-meta":"","header-main-stick-meta":"","header-below-stick-meta":"","astra-migrate-meta-layouts":"set","ast-page-background-enabled":"default","ast-page-background-meta":{"desktop":{"background-color":"var(--ast-global-color-4)","background-image":"","background-repeat":"repeat","background-position":"center center","background-size":"auto","background-attachment":"scroll","background-type":"","background-media":"","overlay-type":"","overlay-color":"","overlay-opacity":"","overlay-gradient":""},"tablet":{"background-color":"","background-image":"","background-repeat":"repeat","background-position":"center center","background-size":"auto","background-attachment":"scroll","background-type":"","background-media":"","overlay-type":"","overlay-color":"","overlay-opacity":"","overlay-gradient":""},"mobile":{"background-color":"","background-image":"","background-repeat":"repeat","background-position":"center center","background-size":"auto","background-attachment":"scroll","background-type":"","background-media":"","overlay-type":"","overlay-color":"","overlay-opacity":"","overlay-gradient":""}},"ast-content-background-meta":{"desktop":{"background-color":"var(--ast-global-color-5)","background-image":"","background-repeat":"repeat","background-position":"center center","background-size":"auto","background-attachment":"scroll","background-type":"","background-media":"","overlay-type":"","overlay-color":"","overlay-opacity":"","overlay-gradient":""},"tablet":{"background-color":"var(--ast-global-color-5)","background-image":"","background-repeat":"repeat","background-position":"center center","background-size":"auto","background-attachment":"scroll","background-type":"","background-media":"","overlay-type":"","overlay-color":"","overlay-opacity":"","overlay-gradient":""},"mobile":{"background-color":"var(--ast-global-color-5)","background-image":"","background-repeat":"repeat","background-position":"center center","background-size":"auto","background-attachment":"scroll","background-type":"","background-media":"","overlay-type":"","overlay-color":"","overlay-opacity":"","overlay-gradient":""}},"footnotes":""},"class_list":["post-384","page","type-page","status-publish","has-post-thumbnail","hentry"],"acf":[],"_links":{"self":[{"href":"https:\/\/www.roamers.rentals\/en\/wp-json\/wp\/v2\/pages\/384","targetHints":{"allow":["GET"]}}],"collection":[{"href":"https:\/\/www.roamers.rentals\/en\/wp-json\/wp\/v2\/pages"}],"about":[{"href":"https:\/\/www.roamers.rentals\/en\/wp-json\/wp\/v2\/types\/page"}],"author":[{"embeddable":true,"href":"https:\/\/www.roamers.rentals\/en\/wp-json\/wp\/v2\/users\/1"}],"replies":[{"embeddable":true,"href":"https:\/\/www.roamers.rentals\/en\/wp-json\/wp\/v2\/comments?post=384"}],"version-history":[{"count":5,"href":"https:\/\/www.roamers.rentals\/en\/wp-json\/wp\/v2\/pages\/384\/revisions"}],"predecessor-version":[{"id":990,"href":"https:\/\/www.roamers.rentals\/en\/wp-json\/wp\/v2\/pages\/384\/revisions\/990"}],"wp:featuredmedia":[{"embeddable":true,"href":"https:\/\/www.roamers.rentals\/en\/wp-json\/wp\/v2\/media\/209"}],"wp:attachment":[{"href":"https:\/\/www.roamers.rentals\/en\/wp-json\/wp\/v2\/media?parent=384"}],"curies":[{"name":"wp","href":"https:\/\/api.w.org\/{rel}","templated":true}]}}